{"id":64,"date":"2022-10-07T09:58:23","date_gmt":"2022-10-07T07:58:23","guid":{"rendered":"http:\/\/vraibois.com\/?page_id=64"},"modified":"2024-05-15T13:02:22","modified_gmt":"2024-05-15T11:02:22","slug":"nos-realisations","status":"publish","type":"page","link":"https:\/\/vraibois.com\/index.php\/nos-realisations\/","title":{"rendered":"R\u00e9alisations"},"content":{"rendered":"\n<p class=\"has-text-align-center\">Pont en bois au Ch\u00e2teau de Mauvi\u00e8res<\/p>\n\n\n\n<figure class=\"wp-block-gallery has-nested-images columns-default is-cropped wp-block-gallery-1 is-layout-flex wp-block-gallery-is-layout-flex\">\n<figure class=\"wp-block-image size-large\"><img loading=\"lazy\" decoding=\"async\" width=\"960\" height=\"720\" data-id=\"33\" src=\"http:\/\/vraibois.com\/wp-content\/uploads\/2022\/10\/222244669_564542247880624_1772494101277277824_n.jpg\" alt=\"\" class=\"wp-image-33\" srcset=\"https:\/\/vraibois.com\/wp-content\/uploads\/2022\/10\/222244669_564542247880624_1772494101277277824_n.jpg 960w, https:\/\/vraibois.com\/wp-content\/uploads\/2022\/10\/222244669_564542247880624_1772494101277277824_n-300x225.jpg 300w, https:\/\/vraibois.com\/wp-content\/uploads\/2022\/10\/222244669_564542247880624_1772494101277277824_n-768x576.jpg 768w\" sizes=\"auto, (max-width: 960px) 100vw, 960px\" \/><\/figure>\n\n\n\n<figure class=\"wp-block-image size-large\"><img loading=\"lazy\" decoding=\"async\" width=\"960\" height=\"720\" data-id=\"31\" src=\"http:\/\/vraibois.com\/wp-content\/uploads\/2022\/10\/221529348_367005594937379_8511295276506818685_n.jpg\" alt=\"\" class=\"wp-image-31\" srcset=\"https:\/\/vraibois.com\/wp-content\/uploads\/2022\/10\/221529348_367005594937379_8511295276506818685_n.jpg 960w, https:\/\/vraibois.com\/wp-content\/uploads\/2022\/10\/221529348_367005594937379_8511295276506818685_n-300x225.jpg 300w, https:\/\/vraibois.com\/wp-content\/uploads\/2022\/10\/221529348_367005594937379_8511295276506818685_n-768x576.jpg 768w\" sizes=\"auto, (max-width: 960px) 100vw, 960px\" \/><\/figure>\n\n\n\n<figure class=\"wp-block-image size-large\"><img loading=\"lazy\" decoding=\"async\" width=\"960\" height=\"720\" data-id=\"26\" src=\"http:\/\/vraibois.com\/wp-content\/uploads\/2022\/10\/224458007_1473833792991889_8549197446084708009_n.jpg\" alt=\"\" class=\"wp-image-26\" srcset=\"https:\/\/vraibois.com\/wp-content\/uploads\/2022\/10\/224458007_1473833792991889_8549197446084708009_n.jpg 960w, https:\/\/vraibois.com\/wp-content\/uploads\/2022\/10\/224458007_1473833792991889_8549197446084708009_n-300x225.jpg 300w, https:\/\/vraibois.com\/wp-content\/uploads\/2022\/10\/224458007_1473833792991889_8549197446084708009_n-768x576.jpg 768w\" sizes=\"auto, (max-width: 960px) 100vw, 960px\" \/><\/figure>\n\n\n\n<figure class=\"wp-block-image size-large\"><img loading=\"lazy\" decoding=\"async\" width=\"960\" height=\"720\" data-id=\"21\" src=\"http:\/\/vraibois.com\/wp-content\/uploads\/2022\/10\/221940767_180446127470226_5775095590950083064_n.jpg\" alt=\"\" class=\"wp-image-21\" srcset=\"https:\/\/vraibois.com\/wp-content\/uploads\/2022\/10\/221940767_180446127470226_5775095590950083064_n.jpg 960w, https:\/\/vraibois.com\/wp-content\/uploads\/2022\/10\/221940767_180446127470226_5775095590950083064_n-300x225.jpg 300w, https:\/\/vraibois.com\/wp-content\/uploads\/2022\/10\/221940767_180446127470226_5775095590950083064_n-768x576.jpg 768w\" sizes=\"auto, (max-width: 960px) 100vw, 960px\" \/><\/figure>\n<\/figure>\n\n\n\n<p class=\"has-text-align-center\">La Guinguette de L\u00e0-Haut, Jardinerie de Chevreuse <\/p>\n\n\n\n<figure class=\"wp-block-gallery has-nested-images columns-default is-cropped wp-block-gallery-2 is-layout-flex wp-block-gallery-is-layout-flex\">\n<figure class=\"wp-block-image size-full\"><img loading=\"lazy\" decoding=\"async\" width=\"1280\" height=\"670\" data-id=\"36\" src=\"http:\/\/vraibois.com\/wp-content\/uploads\/2022\/10\/117889184_320903882597783_8974520921634836207_n.jpg\" alt=\"\" class=\"wp-image-36\" srcset=\"https:\/\/vraibois.com\/wp-content\/uploads\/2022\/10\/117889184_320903882597783_8974520921634836207_n.jpg 1280w, https:\/\/vraibois.com\/wp-content\/uploads\/2022\/10\/117889184_320903882597783_8974520921634836207_n-300x157.jpg 300w, https:\/\/vraibois.com\/wp-content\/uploads\/2022\/10\/117889184_320903882597783_8974520921634836207_n-1024x536.jpg 1024w, https:\/\/vraibois.com\/wp-content\/uploads\/2022\/10\/117889184_320903882597783_8974520921634836207_n-768x402.jpg 768w\" sizes=\"auto, (max-width: 1280px) 100vw, 1280px\" \/><\/figure>\n<\/figure>\n\n\n\n<p class=\"has-text-align-center\">Appentis, Saint Forget<\/p>\n\n\n\n<figure class=\"wp-block-gallery has-nested-images columns-default is-cropped wp-block-gallery-3 is-layout-flex wp-block-gallery-is-layout-flex\">\n<figure class=\"wp-block-image size-large\"><img loading=\"lazy\" decoding=\"async\" width=\"1984\" height=\"1488\" data-id=\"38\" src=\"http:\/\/vraibois.com\/wp-content\/uploads\/2022\/10\/118477552_306875300647934_8685189816266273338_n.jpg\" alt=\"\" class=\"wp-image-38\" srcset=\"https:\/\/vraibois.com\/wp-content\/uploads\/2022\/10\/118477552_306875300647934_8685189816266273338_n.jpg 1984w, https:\/\/vraibois.com\/wp-content\/uploads\/2022\/10\/118477552_306875300647934_8685189816266273338_n-300x225.jpg 300w, https:\/\/vraibois.com\/wp-content\/uploads\/2022\/10\/118477552_306875300647934_8685189816266273338_n-1024x768.jpg 1024w, https:\/\/vraibois.com\/wp-content\/uploads\/2022\/10\/118477552_306875300647934_8685189816266273338_n-768x576.jpg 768w, https:\/\/vraibois.com\/wp-content\/uploads\/2022\/10\/118477552_306875300647934_8685189816266273338_n-1536x1152.jpg 1536w\" sizes=\"auto, (max-width: 1984px) 100vw, 1984px\" \/><\/figure>\n\n\n\n<figure class=\"wp-block-image size-large\"><img loading=\"lazy\" decoding=\"async\" width=\"1024\" height=\"768\" data-id=\"107\" src=\"http:\/\/vraibois.com\/wp-content\/uploads\/2022\/10\/IMG_3877-1024x768.jpg\" alt=\"\" class=\"wp-image-107\" srcset=\"https:\/\/vraibois.com\/wp-content\/uploads\/2022\/10\/IMG_3877-1024x768.jpg 1024w, https:\/\/vraibois.com\/wp-content\/uploads\/2022\/10\/IMG_3877-300x225.jpg 300w, https:\/\/vraibois.com\/wp-content\/uploads\/2022\/10\/IMG_3877-768x576.jpg 768w, https:\/\/vraibois.com\/wp-content\/uploads\/2022\/10\/IMG_3877-1536x1152.jpg 1536w, https:\/\/vraibois.com\/wp-content\/uploads\/2022\/10\/IMG_3877-1200x900.jpg 1200w, https:\/\/vraibois.com\/wp-content\/uploads\/2022\/10\/IMG_3877-1980x1485.jpg 1980w, https:\/\/vraibois.com\/wp-content\/uploads\/2022\/10\/IMG_3877.jpg 2016w\" sizes=\"auto, (max-width: 1024px) 100vw, 1024px\" \/><\/figure>\n<\/figure>\n\n\n\n<p class=\"has-text-align-center\">Abri de Jardin style XVII i\u00e8me <\/p>\n\n\n\n<figure class=\"wp-block-image size-large\"><img loading=\"lazy\" decoding=\"async\" width=\"1024\" height=\"768\" src=\"http:\/\/vraibois.com\/wp-content\/uploads\/2022\/10\/IMG_3883-1024x768.jpg\" alt=\"\" class=\"wp-image-103\" srcset=\"https:\/\/vraibois.com\/wp-content\/uploads\/2022\/10\/IMG_3883-1024x768.jpg 1024w, https:\/\/vraibois.com\/wp-content\/uploads\/2022\/10\/IMG_3883-300x225.jpg 300w, https:\/\/vraibois.com\/wp-content\/uploads\/2022\/10\/IMG_3883-768x576.jpg 768w, https:\/\/vraibois.com\/wp-content\/uploads\/2022\/10\/IMG_3883-1536x1152.jpg 1536w, https:\/\/vraibois.com\/wp-content\/uploads\/2022\/10\/IMG_3883-1200x900.jpg 1200w, https:\/\/vraibois.com\/wp-content\/uploads\/2022\/10\/IMG_3883-1980x1485.jpg 1980w, https:\/\/vraibois.com\/wp-content\/uploads\/2022\/10\/IMG_3883.jpg 2016w\" sizes=\"auto, (max-width: 1024px) 100vw, 1024px\" \/><\/figure>\n\n\n\n<p class=\"has-text-align-center\">Terrasse suspendue de Babylone <\/p>\n\n\n\n<figure class=\"wp-block-gallery has-nested-images columns-default is-cropped wp-block-gallery-4 is-layout-flex wp-block-gallery-is-layout-flex\">\n<figure class=\"wp-block-image size-large\"><img loading=\"lazy\" decoding=\"async\" width=\"1024\" height=\"768\" data-id=\"111\" src=\"http:\/\/vraibois.com\/wp-content\/uploads\/2022\/10\/4C70B63C-2FC3-48F2-A268-75F3C6D83476-1024x768.jpeg\" alt=\"\" class=\"wp-image-111\" srcset=\"https:\/\/vraibois.com\/wp-content\/uploads\/2022\/10\/4C70B63C-2FC3-48F2-A268-75F3C6D83476-1024x768.jpeg 1024w, https:\/\/vraibois.com\/wp-content\/uploads\/2022\/10\/4C70B63C-2FC3-48F2-A268-75F3C6D83476-300x225.jpeg 300w, https:\/\/vraibois.com\/wp-content\/uploads\/2022\/10\/4C70B63C-2FC3-48F2-A268-75F3C6D83476-768x576.jpeg 768w, https:\/\/vraibois.com\/wp-content\/uploads\/2022\/10\/4C70B63C-2FC3-48F2-A268-75F3C6D83476-1536x1152.jpeg 1536w, https:\/\/vraibois.com\/wp-content\/uploads\/2022\/10\/4C70B63C-2FC3-48F2-A268-75F3C6D83476-2048x1536.jpeg 2048w, https:\/\/vraibois.com\/wp-content\/uploads\/2022\/10\/4C70B63C-2FC3-48F2-A268-75F3C6D83476-1200x900.jpeg 1200w, https:\/\/vraibois.com\/wp-content\/uploads\/2022\/10\/4C70B63C-2FC3-48F2-A268-75F3C6D83476-1980x1485.jpeg 1980w\" sizes=\"auto, (max-width: 1024px) 100vw, 1024px\" \/><\/figure>\n\n\n\n<figure class=\"wp-block-image size-large\"><img decoding=\"async\" data-id=\"112\" src=\"http:\/\/vraibois.com\/wp-content\/uploads\/2022\/10\/4FA27169-356A-4603-A596-BCB1E921E1E6-scaled.jpeg\" alt=\"\" class=\"wp-image-112\"\/><\/figure>\n<\/figure>\n\n\n\n<p class=\"has-text-align-center\">Muret en pierre meuli\u00e8re et chaux<\/p>\n\n\n\n<figure class=\"wp-block-image size-large\"><img decoding=\"async\" src=\"https:\/\/vraibois.com\/wp-content\/uploads\/2023\/02\/muret--1024x768.jpeg\" alt=\"\" class=\"wp-image-263\"\/><\/figure>\n\n\n\n<p class=\"has-text-align-center\">Charpente et couverture <\/p>\n\n\n\n<figure class=\"wp-block-gallery has-nested-images columns-default is-cropped wp-block-gallery-5 is-layout-flex wp-block-gallery-is-layout-flex\">\n<figure class=\"wp-block-image size-large\"><img loading=\"lazy\" decoding=\"async\" width=\"1024\" height=\"768\" data-id=\"270\" src=\"http:\/\/vraibois.com\/wp-content\/uploads\/2023\/03\/1F5EF6C6-6074-4CA5-87C7-29A01E955F0C-1024x768.jpeg\" alt=\"\" class=\"wp-image-270\" srcset=\"https:\/\/vraibois.com\/wp-content\/uploads\/2023\/03\/1F5EF6C6-6074-4CA5-87C7-29A01E955F0C-1024x768.jpeg 1024w, https:\/\/vraibois.com\/wp-content\/uploads\/2023\/03\/1F5EF6C6-6074-4CA5-87C7-29A01E955F0C-300x225.jpeg 300w, https:\/\/vraibois.com\/wp-content\/uploads\/2023\/03\/1F5EF6C6-6074-4CA5-87C7-29A01E955F0C-768x576.jpeg 768w, https:\/\/vraibois.com\/wp-content\/uploads\/2023\/03\/1F5EF6C6-6074-4CA5-87C7-29A01E955F0C-1536x1152.jpeg 1536w, https:\/\/vraibois.com\/wp-content\/uploads\/2023\/03\/1F5EF6C6-6074-4CA5-87C7-29A01E955F0C-1200x900.jpeg 1200w, https:\/\/vraibois.com\/wp-content\/uploads\/2023\/03\/1F5EF6C6-6074-4CA5-87C7-29A01E955F0C-1980x1485.jpeg 1980w, https:\/\/vraibois.com\/wp-content\/uploads\/2023\/03\/1F5EF6C6-6074-4CA5-87C7-29A01E955F0C.jpeg 2048w\" sizes=\"auto, (max-width: 1024px) 100vw, 1024px\" \/><\/figure>\n\n\n\n<figure class=\"wp-block-image size-large\"><img loading=\"lazy\" decoding=\"async\" width=\"1024\" height=\"768\" data-id=\"271\" src=\"http:\/\/vraibois.com\/wp-content\/uploads\/2023\/03\/7990BD5B-1C4B-42EF-8E70-FA3E1D84CAE4-1024x768.jpeg\" alt=\"\" class=\"wp-image-271\" srcset=\"https:\/\/vraibois.com\/wp-content\/uploads\/2023\/03\/7990BD5B-1C4B-42EF-8E70-FA3E1D84CAE4-1024x768.jpeg 1024w, https:\/\/vraibois.com\/wp-content\/uploads\/2023\/03\/7990BD5B-1C4B-42EF-8E70-FA3E1D84CAE4-300x225.jpeg 300w, https:\/\/vraibois.com\/wp-content\/uploads\/2023\/03\/7990BD5B-1C4B-42EF-8E70-FA3E1D84CAE4-768x576.jpeg 768w, https:\/\/vraibois.com\/wp-content\/uploads\/2023\/03\/7990BD5B-1C4B-42EF-8E70-FA3E1D84CAE4-1536x1152.jpeg 1536w, https:\/\/vraibois.com\/wp-content\/uploads\/2023\/03\/7990BD5B-1C4B-42EF-8E70-FA3E1D84CAE4-2048x1536.jpeg 2048w, https:\/\/vraibois.com\/wp-content\/uploads\/2023\/03\/7990BD5B-1C4B-42EF-8E70-FA3E1D84CAE4-1200x900.jpeg 1200w, https:\/\/vraibois.com\/wp-content\/uploads\/2023\/03\/7990BD5B-1C4B-42EF-8E70-FA3E1D84CAE4-1980x1485.jpeg 1980w\" sizes=\"auto, (max-width: 1024px) 100vw, 1024px\" \/><\/figure>\n<\/figure>\n\n\n\n<figure class=\"wp-block-gallery has-nested-images columns-default is-cropped wp-block-gallery-6 is-layout-flex wp-block-gallery-is-layout-flex\">\n<figure class=\"wp-block-image size-large\"><img loading=\"lazy\" decoding=\"async\" width=\"1024\" height=\"768\" data-id=\"267\" src=\"http:\/\/vraibois.com\/wp-content\/uploads\/2023\/03\/BE8267ED-FD45-40F6-878C-F635A0F7A094-1024x768.jpeg\" alt=\"\" class=\"wp-image-267\" srcset=\"https:\/\/vraibois.com\/wp-content\/uploads\/2023\/03\/BE8267ED-FD45-40F6-878C-F635A0F7A094-1024x768.jpeg 1024w, https:\/\/vraibois.com\/wp-content\/uploads\/2023\/03\/BE8267ED-FD45-40F6-878C-F635A0F7A094-300x225.jpeg 300w, https:\/\/vraibois.com\/wp-content\/uploads\/2023\/03\/BE8267ED-FD45-40F6-878C-F635A0F7A094-768x576.jpeg 768w, https:\/\/vraibois.com\/wp-content\/uploads\/2023\/03\/BE8267ED-FD45-40F6-878C-F635A0F7A094-1536x1152.jpeg 1536w, https:\/\/vraibois.com\/wp-content\/uploads\/2023\/03\/BE8267ED-FD45-40F6-878C-F635A0F7A094-2048x1536.jpeg 2048w, https:\/\/vraibois.com\/wp-content\/uploads\/2023\/03\/BE8267ED-FD45-40F6-878C-F635A0F7A094-1200x900.jpeg 1200w, https:\/\/vraibois.com\/wp-content\/uploads\/2023\/03\/BE8267ED-FD45-40F6-878C-F635A0F7A094-1980x1485.jpeg 1980w\" sizes=\"auto, (max-width: 1024px) 100vw, 1024px\" \/><\/figure>\n<\/figure>\n\n\n\n<p class=\"has-text-align-center\">R\u00e9sidence CROUS Gaston Adriensence<\/p>\n\n\n\n<figure class=\"wp-block-gallery has-nested-images columns-default is-cropped wp-block-gallery-7 is-layout-flex wp-block-gallery-is-layout-flex\">\n<figure class=\"wp-block-image size-large\"><img loading=\"lazy\" decoding=\"async\" width=\"700\" height=\"560\" data-id=\"276\" src=\"https:\/\/vraibois.com\/wp-content\/uploads\/2024\/03\/Studio-Mezzanine_vue-dessous-700x560-1.jpg\" alt=\"\" class=\"wp-image-276\" srcset=\"https:\/\/vraibois.com\/wp-content\/uploads\/2024\/03\/Studio-Mezzanine_vue-dessous-700x560-1.jpg 700w, https:\/\/vraibois.com\/wp-content\/uploads\/2024\/03\/Studio-Mezzanine_vue-dessous-700x560-1-300x240.jpg 300w\" sizes=\"auto, (max-width: 700px) 100vw, 700px\" \/><\/figure>\n\n\n\n<figure class=\"wp-block-image size-large\"><img loading=\"lazy\" decoding=\"async\" width=\"640\" height=\"480\" data-id=\"277\" src=\"https:\/\/vraibois.com\/wp-content\/uploads\/2024\/03\/thumbnail_IMG_3227.jpg\" alt=\"\" class=\"wp-image-277\" srcset=\"https:\/\/vraibois.com\/wp-content\/uploads\/2024\/03\/thumbnail_IMG_3227.jpg 640w, https:\/\/vraibois.com\/wp-content\/uploads\/2024\/03\/thumbnail_IMG_3227-300x225.jpg 300w\" sizes=\"auto, (max-width: 640px) 100vw, 640px\" \/><\/figure>\n<\/figure>\n\n\n\n<p class=\"has-text-align-center\">Ecluse du jardin Cyrano de Bergerac <\/p>\n\n\n\n<figure class=\"wp-block-image size-large\"><img loading=\"lazy\" decoding=\"async\" width=\"1024\" height=\"768\" src=\"https:\/\/vraibois.com\/wp-content\/uploads\/2024\/05\/ecluse-1024x768.jpg\" alt=\"\" class=\"wp-image-285\" srcset=\"https:\/\/vraibois.com\/wp-content\/uploads\/2024\/05\/ecluse-1024x768.jpg 1024w, https:\/\/vraibois.com\/wp-content\/uploads\/2024\/05\/ecluse-300x225.jpg 300w, https:\/\/vraibois.com\/wp-content\/uploads\/2024\/05\/ecluse-768x576.jpg 768w, https:\/\/vraibois.com\/wp-content\/uploads\/2024\/05\/ecluse.jpg 1080w\" sizes=\"auto, (max-width: 1024px) 100vw, 1024px\" \/><\/figure>\n","protected":false},"excerpt":{"rendered":"<p>Pont en bois au Ch\u00e2teau de Mauvi\u00e8res La Guinguette de L\u00e0-Haut, Jardinerie de Chevreuse Appentis, Saint Forget Abri de Jardin style XVII i\u00e8me Terrasse suspendue de Babylone Muret en pierre meuli\u00e8re et chaux Charpente et couverture R\u00e9sidence CROUS Gaston Adriensence Ecluse du jardin Cyrano de Bergerac<\/p>\n","protected":false},"author":1,"featured_media":0,"parent":0,"menu_order":0,"comment_status":"closed","ping_status":"closed","template":"","meta":{"ngg_post_thumbnail":0,"footnotes":""},"class_list":["post-64","page","type-page","status-publish","hentry"],"_links":{"self":[{"href":"https:\/\/vraibois.com\/index.php\/wp-json\/wp\/v2\/pages\/64","targetHints":{"allow":["GET"]}}],"collection":[{"href":"https:\/\/vraibois.com\/index.php\/wp-json\/wp\/v2\/pages"}],"about":[{"href":"https:\/\/vraibois.com\/index.php\/wp-json\/wp\/v2\/types\/page"}],"author":[{"embeddable":true,"href":"https:\/\/vraibois.com\/index.php\/wp-json\/wp\/v2\/users\/1"}],"replies":[{"embeddable":true,"href":"https:\/\/vraibois.com\/index.php\/wp-json\/wp\/v2\/comments?post=64"}],"version-history":[{"count":17,"href":"https:\/\/vraibois.com\/index.php\/wp-json\/wp\/v2\/pages\/64\/revisions"}],"predecessor-version":[{"id":287,"href":"https:\/\/vraibois.com\/index.php\/wp-json\/wp\/v2\/pages\/64\/revisions\/287"}],"wp:attachment":[{"href":"https:\/\/vraibois.com\/index.php\/wp-json\/wp\/v2\/media?parent=64"}],"curies":[{"name":"wp","href":"https:\/\/api.w.org\/{rel}","templated":true}]}}