{"id":57,"date":"2022-10-07T09:57:35","date_gmt":"2022-10-07T07:57:35","guid":{"rendered":"http:\/\/vraibois.com\/?page_id=57"},"modified":"2024-04-03T14:40:24","modified_gmt":"2024-04-03T12:40:24","slug":"qui-sommes-nous","status":"publish","type":"page","link":"https:\/\/vraibois.com\/index.php\/qui-sommes-nous\/","title":{"rendered":"Qui sommes nous"},"content":{"rendered":"\n<div class=\"wp-block-media-text alignwide has-media-on-the-right is-stacked-on-mobile\" style=\"grid-template-columns:auto 36%\"><div class=\"wp-block-media-text__content\">\n<p>Nous sommes un groupe d&#8217;amis qui s&#8217;est agr\u00e9g\u00e9 autour d&#8217;une passion commune pour le bois et la construction. Depuis 2020, nous proposons nos services \u00e0 des particuliers et \u00e0 des entreprises. Notre champ d&#8217;expertise est vaste : il s&#8217;\u00e9tend de la charpente classique aux travaux sp\u00e9cifiques en passant par la charpente traditionnelle. <\/p>\n<\/div><figure class=\"wp-block-media-text__media\"><img loading=\"lazy\" decoding=\"async\" width=\"1024\" height=\"403\" src=\"http:\/\/vraibois.com\/wp-content\/uploads\/2022\/11\/charpente-bois-UNE-large-1024x403.jpeg\" alt=\"\" class=\"wp-image-146 size-full\" srcset=\"https:\/\/vraibois.com\/wp-content\/uploads\/2022\/11\/charpente-bois-UNE-large-1024x403.jpeg 1024w, https:\/\/vraibois.com\/wp-content\/uploads\/2022\/11\/charpente-bois-UNE-large-300x118.jpeg 300w, https:\/\/vraibois.com\/wp-content\/uploads\/2022\/11\/charpente-bois-UNE-large-768x302.jpeg 768w, https:\/\/vraibois.com\/wp-content\/uploads\/2022\/11\/charpente-bois-UNE-large.jpeg 1138w\" sizes=\"auto, (max-width: 1024px) 100vw, 1024px\" \/><\/figure><\/div>\n\n\n\n<div class=\"wp-block-media-text alignwide is-stacked-on-mobile\" style=\"grid-template-columns:15% auto\"><figure class=\"wp-block-media-text__media\"><img loading=\"lazy\" decoding=\"async\" width=\"161\" height=\"192\" src=\"http:\/\/vraibois.com\/wp-content\/uploads\/2022\/11\/1667919621170-1.jpeg\" alt=\"\" class=\"wp-image-212 size-full\"\/><\/figure><div class=\"wp-block-media-text__content\">\n<blockquote class=\"wp-block-quote is-layout-flow wp-block-quote-is-layout-flow\">\n<p id=\"block-f1535c1d-da76-4589-a4cf-b34e571a0e5c\"><strong>Cyprien Dusanter<\/strong><\/p>\n\n\n\n<p class=\"has-text-align-left\" id=\"block-aa9eea34-8898-4d96-a645-3dbce93bfa1b\">Riche d&#8217;une bonne connaissance de la fili\u00e8re bois, ing\u00e9nieur Polytechnicien-Agro, Cyprien maitrise tout ce qui a trait au bois mat\u00e9riaux : traitement du bois, valorisation \u00e9nerg\u00e9tique et r\u00e9sistance m\u00e9canique. <\/p>\n<cite><em>&#8220;Du bois avant toute chose&#8221;<\/em><\/cite><\/blockquote>\n<\/div><\/div>\n\n\n\n<div class=\"wp-block-media-text alignwide is-stacked-on-mobile\" style=\"grid-template-columns:15% auto\"><figure class=\"wp-block-media-text__media\"><img loading=\"lazy\" decoding=\"async\" width=\"702\" height=\"1024\" src=\"http:\/\/vraibois.com\/wp-content\/uploads\/2022\/11\/314693608_895404534779925_2080209752595610666_n-702x1024.jpg\" alt=\"\" class=\"wp-image-130 size-full\" srcset=\"https:\/\/vraibois.com\/wp-content\/uploads\/2022\/11\/314693608_895404534779925_2080209752595610666_n-702x1024.jpg 702w, https:\/\/vraibois.com\/wp-content\/uploads\/2022\/11\/314693608_895404534779925_2080209752595610666_n-206x300.jpg 206w, https:\/\/vraibois.com\/wp-content\/uploads\/2022\/11\/314693608_895404534779925_2080209752595610666_n.jpg 727w\" sizes=\"auto, (max-width: 702px) 100vw, 702px\" \/><\/figure><div class=\"wp-block-media-text__content\">\n<blockquote class=\"wp-block-quote is-layout-flow wp-block-quote-is-layout-flow\">\n<p><strong>Beno\u00eet de Boiss\u00e9son<\/strong><\/p>\n\n\n\n<p>Ing\u00e9nieur ayant travaill\u00e9 en conduite de travaux, Beno\u00eet, homme d\u2019action, a exp\u00e9riment\u00e9 le m\u00e9tier de charpentier dans des entreprises de charpentes industrielles puis traditionnelles, en participant notamment \u00e0 plusieurs chantiers de prestige sur des Monuments Historiques parisiens.<\/p>\n<cite>&#8220;<em>\u00a0Quel tr\u00e9sor qu\u2019un travail visant le Beau et le Solide<\/em>&#8220;<\/cite><\/blockquote>\n<\/div><\/div>\n\n\n\n<div class=\"wp-block-media-text alignwide is-stacked-on-mobile\" style=\"grid-template-columns:15% auto\"><figure class=\"wp-block-media-text__media\"><img loading=\"lazy\" decoding=\"async\" width=\"151\" height=\"218\" src=\"http:\/\/vraibois.com\/wp-content\/uploads\/2022\/11\/Capture-decran-2022-11-09-a-10.04.15.png\" alt=\"\" class=\"wp-image-206 size-full\"\/><\/figure><div class=\"wp-block-media-text__content\">\n<blockquote class=\"wp-block-quote is-layout-flow wp-block-quote-is-layout-flow\">\n<p><strong>Antoine Andrieux<\/strong><\/p>\n\n\n\n<p>Artisan Charpentier, form\u00e9 chez les compagnons du devoir, Antoine a une longue exp\u00e9rience du terrain. Il est sp\u00e9cialiste de la charpente traditionnelle et de la maison ossature bois. Il maitrise \u00e9galement les diff\u00e9rentes techniques de couvertures. <\/p>\n<cite><em>&#8220;B\u00e2tir pour 1000 ans&#8221;<\/em><\/cite><\/blockquote>\n<\/div><\/div>\n\n\n\n<div class=\"wp-block-media-text alignwide is-stacked-on-mobile\" style=\"grid-template-columns:15% auto\"><figure class=\"wp-block-media-text__media\"><img loading=\"lazy\" decoding=\"async\" width=\"265\" height=\"363\" src=\"http:\/\/vraibois.com\/wp-content\/uploads\/2022\/11\/Capture-decran-2022-11-09-a-10.08.48.png\" alt=\"\" class=\"wp-image-209 size-full\" srcset=\"https:\/\/vraibois.com\/wp-content\/uploads\/2022\/11\/Capture-decran-2022-11-09-a-10.08.48.png 265w, https:\/\/vraibois.com\/wp-content\/uploads\/2022\/11\/Capture-decran-2022-11-09-a-10.08.48-219x300.png 219w\" sizes=\"auto, (max-width: 265px) 100vw, 265px\" \/><\/figure><div class=\"wp-block-media-text__content\">\n<blockquote class=\"wp-block-quote is-layout-flow wp-block-quote-is-layout-flow\">\n<p><strong>Joseph de Gourcuff<\/strong><\/p>\n\n\n\n<p>Ing\u00e9nieur en \u00e9lectronique, Joseph est notre sp\u00e9cialiste des syst\u00e8mes embarqu\u00e9s. Dou\u00e9 d&#8217;un vrai sens de l&#8217;adaptation, il participe \u00e0 nos projets technologiques. Fondeur d&#8217;art \u00e0 ses heures, son regard est toujours interessant \u00e0 consulter pour les consid\u00e9rations esth\u00e9tiques. <\/p>\n<cite><em>&#8220;Rigueur, patience et obstination&#8221;<\/em><\/cite><\/blockquote>\n<\/div><\/div>\n\n\n\n<div class=\"wp-block-media-text alignwide is-stacked-on-mobile\" style=\"grid-template-columns:15% auto\"><figure class=\"wp-block-media-text__media\"><img loading=\"lazy\" decoding=\"async\" width=\"144\" height=\"144\" src=\"http:\/\/vraibois.com\/wp-content\/uploads\/2022\/11\/1594302801809.jpeg\" alt=\"\" class=\"wp-image-220 size-full\"\/><\/figure><div class=\"wp-block-media-text__content\">\n<blockquote class=\"wp-block-quote is-layout-flow wp-block-quote-is-layout-flow\">\n<p><strong>Fran\u00e7ois Faure <\/strong><\/p>\n\n\n\n<p>Ing\u00e9nieur en m\u00e9catronique, Fran\u00e7ois est notre expert pour nos projet de domotique et de contr\u00f4le \u00e0 distance (IOT) pour les appareils domestiques. <\/p>\n<cite><em>&#8220;Dix fois sur le m\u00e9tier, remettez votre ouvrage&#8221;<\/em><\/cite><\/blockquote>\n<\/div><\/div>\n","protected":false},"excerpt":{"rendered":"<p>Nous sommes un groupe d&#8217;amis qui s&#8217;est agr\u00e9g\u00e9 autour d&#8217;une passion commune pour le bois et la construction. Depuis 2020, nous proposons nos services \u00e0 des particuliers et \u00e0 des entreprises. Notre champ d&#8217;expertise est vaste : il s&#8217;\u00e9tend de la charpente classique aux travaux sp\u00e9cifiques en passant par la charpente traditionnelle.<\/p>\n","protected":false},"author":1,"featured_media":0,"parent":0,"menu_order":0,"comment_status":"closed","ping_status":"closed","template":"","meta":{"ngg_post_thumbnail":0,"footnotes":""},"class_list":["post-57","page","type-page","status-publish","hentry"],"_links":{"self":[{"href":"https:\/\/vraibois.com\/index.php\/wp-json\/wp\/v2\/pages\/57","targetHints":{"allow":["GET"]}}],"collection":[{"href":"https:\/\/vraibois.com\/index.php\/wp-json\/wp\/v2\/pages"}],"about":[{"href":"https:\/\/vraibois.com\/index.php\/wp-json\/wp\/v2\/types\/page"}],"author":[{"embeddable":true,"href":"https:\/\/vraibois.com\/index.php\/wp-json\/wp\/v2\/users\/1"}],"replies":[{"embeddable":true,"href":"https:\/\/vraibois.com\/index.php\/wp-json\/wp\/v2\/comments?post=57"}],"version-history":[{"count":27,"href":"https:\/\/vraibois.com\/index.php\/wp-json\/wp\/v2\/pages\/57\/revisions"}],"predecessor-version":[{"id":283,"href":"https:\/\/vraibois.com\/index.php\/wp-json\/wp\/v2\/pages\/57\/revisions\/283"}],"wp:attachment":[{"href":"https:\/\/vraibois.com\/index.php\/wp-json\/wp\/v2\/media?parent=57"}],"curies":[{"name":"wp","href":"https:\/\/api.w.org\/{rel}","templated":true}]}}