{"id":224,"date":"2023-01-06T16:37:57","date_gmt":"2023-01-06T15:37:57","guid":{"rendered":"https:\/\/vraibois.com\/?page_id=224"},"modified":"2023-01-06T16:58:16","modified_gmt":"2023-01-06T15:58:16","slug":"mentions-legales","status":"publish","type":"page","link":"https:\/\/vraibois.com\/index.php\/mentions-legales\/","title":{"rendered":"Mentions l\u00e9gales"},"content":{"rendered":"\n<p>Vrai Bois &#8211; SARL &#8211; 57 rue Dreyfus, 78 120 RAMBOUILLET &#8211; Capital social : 1 000\u20ac<\/p>\n\n\n\n<p>Num\u00e9ro d&#8217;immatriculation au RCS : Versailles B 922270889<\/p>\n\n\n\n<p>Num\u00e9ro d&#8217;identification \u00e0 la TVA : FR05922270889<\/p>\n\n\n\n<p>H\u00e9bergeur du Site : OVH, 2 rue Kellermann, 59 100Roubaix <\/p>\n\n\n\n<p> <\/p>\n","protected":false},"excerpt":{"rendered":"<p>Vrai Bois &#8211; SARL &#8211; 57 rue Dreyfus, 78 120 RAMBOUILLET &#8211; Capital social : 1 000\u20ac Num\u00e9ro d&#8217;immatriculation au RCS : Versailles B 922270889 Num\u00e9ro d&#8217;identification \u00e0 la TVA : FR05922270889 H\u00e9bergeur du Site : OVH, 2 rue Kellermann, 59 100Roubaix<\/p>\n","protected":false},"author":1,"featured_media":0,"parent":0,"menu_order":0,"comment_status":"closed","ping_status":"closed","template":"","meta":{"ngg_post_thumbnail":0,"footnotes":""},"class_list":["post-224","page","type-page","status-publish","hentry"],"_links":{"self":[{"href":"https:\/\/vraibois.com\/index.php\/wp-json\/wp\/v2\/pages\/224","targetHints":{"allow":["GET"]}}],"collection":[{"href":"https:\/\/vraibois.com\/index.php\/wp-json\/wp\/v2\/pages"}],"about":[{"href":"https:\/\/vraibois.com\/index.php\/wp-json\/wp\/v2\/types\/page"}],"author":[{"embeddable":true,"href":"https:\/\/vraibois.com\/index.php\/wp-json\/wp\/v2\/users\/1"}],"replies":[{"embeddable":true,"href":"https:\/\/vraibois.com\/index.php\/wp-json\/wp\/v2\/comments?post=224"}],"version-history":[{"count":8,"href":"https:\/\/vraibois.com\/index.php\/wp-json\/wp\/v2\/pages\/224\/revisions"}],"predecessor-version":[{"id":240,"href":"https:\/\/vraibois.com\/index.php\/wp-json\/wp\/v2\/pages\/224\/revisions\/240"}],"wp:attachment":[{"href":"https:\/\/vraibois.com\/index.php\/wp-json\/wp\/v2\/media?parent=224"}],"curies":[{"name":"wp","href":"https:\/\/api.w.org\/{rel}","templated":true}]}}